{"id":1000,"date":"2023-04-17T09:44:43","date_gmt":"2023-04-17T09:44:43","guid":{"rendered":"https:\/\/pactoeducativoglobal.fundacion-sm.org\/condiciones-de-uso\/"},"modified":"2024-02-21T15:40:07","modified_gmt":"2024-02-21T15:40:07","slug":"condicoes-de-uso","status":"publish","type":"page","link":"https:\/\/pactoeducativoglobal.fundacion-sm.org\/pt-br\/condicoes-de-uso\/","title":{"rendered":"Condi\u00e7\u00f5es de uso"},"content":{"rendered":"\t\t<div data-elementor-type=\"wp-page\" data-elementor-id=\"1000\" class=\"elementor elementor-1000 elementor-47\" data-elementor-post-type=\"page\">\n\t\t\t\t\t\t<section class=\"elementor-section elementor-top-section elementor-element elementor-element-97cfa17 elementor-section-full_width elementor-section-height-default elementor-section-height-default\" data-id=\"97cfa17\" data-element_type=\"section\">\n\t\t\t\t\t\t<div class=\"elementor-container elementor-column-gap-default\">\n\t\t\t\t\t<div class=\"elementor-column elementor-col-100 elementor-top-column elementor-element elementor-element-46a9c66\" data-id=\"46a9c66\" data-element_type=\"column\">\n\t\t\t<div class=\"elementor-widget-wrap elementor-element-populated\">\n\t\t\t\t\t\t<div class=\"elementor-element elementor-element-01f76b0 elementor-widget elementor-widget-bloque-cabecera-menu\" data-id=\"01f76b0\" data-element_type=\"widget\" data-widget_type=\"bloque-cabecera-menu.default\">\n\t\t\t\t<div class=\"elementor-widget-container\">\n\t\t\t\t\t<header class=\"header normal\">\n    <div id=\"sticky_header\" class=\"no-sticky\">\n        <div class=\"container\">\n            <div class=\"row\">\n                <div class=\"col-12 d-flex justify-content-between align-items-end\">\n                    <div class=\"logo \">\n                        <a href=\"https:\/\/pactoeducativoglobal.fundacion-sm.org\/pt-br\/\" class=\"custom-logo-link\" rel=\"home\"><img decoding=\"async\" src=\"https:\/\/pactoeducativoglobal.fundacion-sm.org\/wp-content\/uploads\/sites\/11\/2023\/11\/logotipo.svg\" class=\"custom-logo\" alt=\"Pacto Educativo Global\" \/><\/a>                    <\/div>\n                    <div class=\"menu-header\">\n                                                <div id=\"nav-menu\" data-target=\"#main_menu\" data-toggle=\"collapse\" class=\"navbar-toggle openMenu\">\n                          <span><\/span>\n                          <span><\/span>\n                          <span><\/span>\n                          <span><\/span>\n                        <\/div>\n                        \n                                                    <!-- MEGAMENU -->\n                            <div class=\"megamenu\">\n                                <div class=\"container\">\n                                    <div id=\"cerrarmenu\" class=\"boton-cerrar\"><i class=\"fal fa-times\"><\/i><\/div>\n                                    <ul id=\"menu-principal-pt-br\" class=\"list-group list-group-horizontal\" itemscope itemtype=\"http:\/\/www.schema.org\/SiteNavigationElement\"><li  id=\"menu-item-1009\" class=\"menu-item menu-item-type-post_type menu-item-object-page menu-item-1009 nav-item\"><a itemprop=\"url\" href=\"https:\/\/pactoeducativoglobal.fundacion-sm.org\/pt-br\/sobre-o-pacto-educativo-global\/\" class=\"nav-link\"><span itemprop=\"name\">Sobre o Pacto Educativo Global<\/span><\/a><\/li>\n<li  id=\"menu-item-1010\" class=\"menu-item menu-item-type-post_type menu-item-object-page menu-item-1010 nav-item\"><a itemprop=\"url\" href=\"https:\/\/pactoeducativoglobal.fundacion-sm.org\/pt-br\/sm-pacto-global-educacao\/\" class=\"nav-link\"><span itemprop=\"name\">A SM e o Pacto<\/span><\/a><\/li>\n<li  id=\"menu-item-1011\" class=\"menu-item menu-item-type-post_type menu-item-object-page menu-item-1011 nav-item\"><a itemprop=\"url\" href=\"https:\/\/pactoeducativoglobal.fundacion-sm.org\/pt-br\/itinerario-materiais-peg\/\" class=\"nav-link\"><span itemprop=\"name\">Itiner\u00e1rio e materiais<\/span><\/a><\/li>\n<li  id=\"menu-item-1012\" class=\"menu-item menu-item-type-post_type menu-item-object-page menu-item-1012 nav-item\"><a itemprop=\"url\" href=\"https:\/\/pactoeducativoglobal.fundacion-sm.org\/pt-br\/contato\/\" class=\"nav-link\"><span itemprop=\"name\">Contato<\/span><\/a><\/li>\n<li  id=\"menu-item-wpml-ls-3-es\" class=\"menu-item wpml-ls-slot-3 wpml-ls-item wpml-ls-item-es wpml-ls-menu-item wpml-ls-first-item wpml-ls-last-item menu-item-type-wpml_ls_menu_item menu-item-object-wpml_ls_menu_item menu-item-wpml-ls-3-es nav-item\"><a title=\"Mudar para Espa\u00f1ol\" itemprop=\"url\" href=\"https:\/\/pactoeducativoglobal.fundacion-sm.org\/\" class=\"nav-link\" aria-label=\"Mudar para Espa\u00f1ol\" role=\"menuitem\"><span itemprop=\"name\"><span class=\"wpml-ls-native\" lang=\"es\">Espa\u00f1ol<\/span><\/span><\/a><\/li>\n<\/ul>                                <\/div>\n                            <\/div>\n                        \n                        \n                                                \n<div class=\"wpml-ls-statics-shortcode_actions wpml-ls wpml-ls-legacy-list-horizontal\">\n\t<ul role=\"menu\"><li class=\"wpml-ls-slot-shortcode_actions wpml-ls-item wpml-ls-item-es wpml-ls-first-item wpml-ls-last-item wpml-ls-item-legacy-list-horizontal\" role=\"none\">\n\t\t\t\t<a href=\"https:\/\/pactoeducativoglobal.fundacion-sm.org\/\" class=\"wpml-ls-link\" role=\"menuitem\"  aria-label=\"Mudar para Espa\u00f1ol\" title=\"Mudar para Espa\u00f1ol\" >\n                    <span class=\"wpml-ls-native\" lang=\"es\">Espa\u00f1ol<\/span><\/a>\n\t\t\t<\/li><\/ul>\n<\/div>\n                    <\/div>\n                <\/div>\n            <\/div>    \n        <\/div>\n            <\/div>\n<\/header>\t\t\t\t<\/div>\n\t\t\t\t<\/div>\n\t\t\t\t<div class=\"elementor-element elementor-element-2a76e58 elementor-widget elementor-widget-bloque-cabecera-texto\" data-id=\"2a76e58\" data-element_type=\"widget\" data-widget_type=\"bloque-cabecera-texto.default\">\n\t\t\t\t<div class=\"elementor-widget-container\">\n\t\t\t\t\t<!-- Texto cabecera texto-->\n<section class=\"bloque bloque-cabecera-texto \">\n    <div class=\"container\">\n        <div class=\"row justify-content-center\">\n            <div class=\"col-12\">\n                <div class=\"ruta-de-migas\">\n                                            <div data-aos=\"fade-right\" data-aos-duration=\"700\"><ol class=\"breadcrumb\"><li><a href=\"https:\/\/pactoeducativoglobal.fundacion-sm.org\/pt-br\/\">Inicio<\/a><\/li><\/ol><\/div>                                    <\/div>\n                <h1 class=\"titulos\" data-aos=\"fade-left\" data-aos-duration=\"700\">Condi\u00e7\u00f5es de uso<\/h1>            <\/div>\n        <\/div>\n    <\/div>\n<\/section>\t\t\t\t<\/div>\n\t\t\t\t<\/div>\n\t\t\t\t<div class=\"elementor-element elementor-element-84fc173 elementor-widget elementor-widget-bloque-texto\" data-id=\"84fc173\" data-element_type=\"widget\" data-widget_type=\"bloque-texto.default\">\n\t\t\t\t<div class=\"elementor-widget-container\">\n\t\t\t\t\t<!-- Texto -->\n<section class=\"bloque bloque-texto  \">\n    <div class=\"container\">\n        <div class=\"row justify-content-center\">\n            <div class=\"col-12 col-md-8\">\n                                <div class=\"the_content\" data-aos=\"fade-up\" data-aos-duration=\"700\">\n                    <p><script id=\"admindpo\" src=\"https:\/\/admindpo.grupo-sm.com\/dpoclient_v2.min.js\" data-baseurl=\"https:\/\/admindpo.grupo-sm.com\" data-sitename=\"ms-fundacion-smpactoeducativoglobal\" data-document-type=\"use-conditions\" data-language=\"pt\"><\/script><\/p>\n                <\/div>\n            <\/div>\n        <\/div>\n    <\/div>\n<\/section>\t\t\t\t<\/div>\n\t\t\t\t<\/div>\n\t\t\t\t\t<\/div>\n\t\t<\/div>\n\t\t\t\t\t<\/div>\n\t\t<\/section>\n\t\t\t\t<\/div>\n\t\t","protected":false},"excerpt":{"rendered":"<p>Sobre o Pacto Educativo Global SM e o Pacto Educativo Global Itiner\u00e1rio e materiais Contato Espa\u00f1ol Inicio Condi\u00e7\u00f5es de uso<\/p>\n","protected":false},"author":2,"featured_media":0,"parent":0,"menu_order":11,"comment_status":"closed","ping_status":"closed","template":"","meta":{"_acf_changed":false,"footnotes":""},"class_list":["post-1000","page","type-page","status-publish","hentry"],"acf":[],"yoast_head":"<!-- This site is optimized with the Yoast SEO plugin v26.7 - https:\/\/yoast.com\/wordpress\/plugins\/seo\/ -->\n<title>Condi\u00e7\u00f5es de uso - Pacto Educativo Global<\/title>\n<meta name=\"robots\" content=\"noindex, nofollow\" \/>\n<meta property=\"og:locale\" content=\"pt_BR\" \/>\n<meta property=\"og:type\" content=\"article\" \/>\n<meta property=\"og:title\" content=\"Condi\u00e7\u00f5es de uso - Pacto Educativo Global\" \/>\n<meta property=\"og:description\" content=\"Sobre o Pacto Educativo Global SM e o Pacto Educativo Global Itiner\u00e1rio e materiais Contato Espa\u00f1ol Inicio Condi\u00e7\u00f5es de uso\" \/>\n<meta property=\"og:url\" content=\"https:\/\/pactoeducativoglobal.fundacion-sm.org\/pt-br\/condicoes-de-uso\/\" \/>\n<meta property=\"og:site_name\" content=\"Pacto Educativo Global\" \/>\n<meta property=\"article:modified_time\" content=\"2024-02-21T15:40:07+00:00\" \/>\n<meta property=\"og:image\" content=\"https:\/\/pactoeducativoglobal.fundacion-sm.org\/wp-content\/uploads\/sites\/11\/2023\/11\/logotipo.svg\" \/>\n<meta name=\"twitter:card\" content=\"summary_large_image\" \/>\n<script type=\"application\/ld+json\" class=\"yoast-schema-graph\">{\"@context\":\"https:\/\/schema.org\",\"@graph\":[{\"@type\":\"WebPage\",\"@id\":\"https:\/\/pactoeducativoglobal.fundacion-sm.org\/pt-br\/condicoes-de-uso\/\",\"url\":\"https:\/\/pactoeducativoglobal.fundacion-sm.org\/pt-br\/condicoes-de-uso\/\",\"name\":\"Condi\u00e7\u00f5es de uso - Pacto Educativo Global\",\"isPartOf\":{\"@id\":\"https:\/\/pactoeducativoglobal.fundacion-sm.org\/pt-br\/#website\"},\"primaryImageOfPage\":{\"@id\":\"https:\/\/pactoeducativoglobal.fundacion-sm.org\/pt-br\/condicoes-de-uso\/#primaryimage\"},\"image\":{\"@id\":\"https:\/\/pactoeducativoglobal.fundacion-sm.org\/pt-br\/condicoes-de-uso\/#primaryimage\"},\"thumbnailUrl\":\"https:\/\/pactoeducativoglobal.fundacion-sm.org\/wp-content\/uploads\/sites\/11\/2023\/11\/logotipo.svg\",\"datePublished\":\"2023-04-17T09:44:43+00:00\",\"dateModified\":\"2024-02-21T15:40:07+00:00\",\"breadcrumb\":{\"@id\":\"https:\/\/pactoeducativoglobal.fundacion-sm.org\/pt-br\/condicoes-de-uso\/#breadcrumb\"},\"inLanguage\":\"pt-BR\",\"potentialAction\":[{\"@type\":\"ReadAction\",\"target\":[\"https:\/\/pactoeducativoglobal.fundacion-sm.org\/pt-br\/condicoes-de-uso\/\"]}]},{\"@type\":\"ImageObject\",\"inLanguage\":\"pt-BR\",\"@id\":\"https:\/\/pactoeducativoglobal.fundacion-sm.org\/pt-br\/condicoes-de-uso\/#primaryimage\",\"url\":\"https:\/\/pactoeducativoglobal.fundacion-sm.org\/wp-content\/uploads\/sites\/11\/2023\/11\/logotipo.svg\",\"contentUrl\":\"https:\/\/pactoeducativoglobal.fundacion-sm.org\/wp-content\/uploads\/sites\/11\/2023\/11\/logotipo.svg\"},{\"@type\":\"BreadcrumbList\",\"@id\":\"https:\/\/pactoeducativoglobal.fundacion-sm.org\/pt-br\/condicoes-de-uso\/#breadcrumb\",\"itemListElement\":[{\"@type\":\"ListItem\",\"position\":1,\"name\":\"Inicio\",\"item\":\"https:\/\/pactoeducativoglobal.fundacion-sm.org\/pt-br\/\"},{\"@type\":\"ListItem\",\"position\":2,\"name\":\"Condi\u00e7\u00f5es de uso\"}]},{\"@type\":\"WebSite\",\"@id\":\"https:\/\/pactoeducativoglobal.fundacion-sm.org\/pt-br\/#website\",\"url\":\"https:\/\/pactoeducativoglobal.fundacion-sm.org\/pt-br\/\",\"name\":\"Pacto Educativo Global\",\"description\":\"\",\"publisher\":{\"@id\":\"https:\/\/pactoeducativoglobal.fundacion-sm.org\/pt-br\/#organization\"},\"potentialAction\":[{\"@type\":\"SearchAction\",\"target\":{\"@type\":\"EntryPoint\",\"urlTemplate\":\"https:\/\/pactoeducativoglobal.fundacion-sm.org\/pt-br\/?s={search_term_string}\"},\"query-input\":{\"@type\":\"PropertyValueSpecification\",\"valueRequired\":true,\"valueName\":\"search_term_string\"}}],\"inLanguage\":\"pt-BR\"},{\"@type\":\"Organization\",\"@id\":\"https:\/\/pactoeducativoglobal.fundacion-sm.org\/pt-br\/#organization\",\"name\":\"Pacto Educativo Global\",\"url\":\"https:\/\/pactoeducativoglobal.fundacion-sm.org\/pt-br\/\",\"logo\":{\"@type\":\"ImageObject\",\"inLanguage\":\"pt-BR\",\"@id\":\"https:\/\/pactoeducativoglobal.fundacion-sm.org\/pt-br\/#\/schema\/logo\/image\/\",\"url\":\"https:\/\/pactoeducativoglobal.fundacion-sm.org\/wp-content\/uploads\/sites\/11\/2023\/11\/logotipo.svg\",\"contentUrl\":\"https:\/\/pactoeducativoglobal.fundacion-sm.org\/wp-content\/uploads\/sites\/11\/2023\/11\/logotipo.svg\",\"caption\":\"Pacto Educativo Global\"},\"image\":{\"@id\":\"https:\/\/pactoeducativoglobal.fundacion-sm.org\/pt-br\/#\/schema\/logo\/image\/\"}}]}<\/script>\n<!-- \/ Yoast SEO plugin. -->","yoast_head_json":{"title":"Condi\u00e7\u00f5es de uso - Pacto Educativo Global","robots":{"index":"noindex","follow":"nofollow"},"og_locale":"pt_BR","og_type":"article","og_title":"Condi\u00e7\u00f5es de uso - Pacto Educativo Global","og_description":"Sobre o Pacto Educativo Global SM e o Pacto Educativo Global Itiner\u00e1rio e materiais Contato Espa\u00f1ol Inicio Condi\u00e7\u00f5es de uso","og_url":"https:\/\/pactoeducativoglobal.fundacion-sm.org\/pt-br\/condicoes-de-uso\/","og_site_name":"Pacto Educativo Global","article_modified_time":"2024-02-21T15:40:07+00:00","og_image":[{"url":"https:\/\/pactoeducativoglobal.fundacion-sm.org\/wp-content\/uploads\/sites\/11\/2023\/11\/logotipo.svg","type":"","width":"","height":""}],"twitter_card":"summary_large_image","schema":{"@context":"https:\/\/schema.org","@graph":[{"@type":"WebPage","@id":"https:\/\/pactoeducativoglobal.fundacion-sm.org\/pt-br\/condicoes-de-uso\/","url":"https:\/\/pactoeducativoglobal.fundacion-sm.org\/pt-br\/condicoes-de-uso\/","name":"Condi\u00e7\u00f5es de uso - Pacto Educativo Global","isPartOf":{"@id":"https:\/\/pactoeducativoglobal.fundacion-sm.org\/pt-br\/#website"},"primaryImageOfPage":{"@id":"https:\/\/pactoeducativoglobal.fundacion-sm.org\/pt-br\/condicoes-de-uso\/#primaryimage"},"image":{"@id":"https:\/\/pactoeducativoglobal.fundacion-sm.org\/pt-br\/condicoes-de-uso\/#primaryimage"},"thumbnailUrl":"https:\/\/pactoeducativoglobal.fundacion-sm.org\/wp-content\/uploads\/sites\/11\/2023\/11\/logotipo.svg","datePublished":"2023-04-17T09:44:43+00:00","dateModified":"2024-02-21T15:40:07+00:00","breadcrumb":{"@id":"https:\/\/pactoeducativoglobal.fundacion-sm.org\/pt-br\/condicoes-de-uso\/#breadcrumb"},"inLanguage":"pt-BR","potentialAction":[{"@type":"ReadAction","target":["https:\/\/pactoeducativoglobal.fundacion-sm.org\/pt-br\/condicoes-de-uso\/"]}]},{"@type":"ImageObject","inLanguage":"pt-BR","@id":"https:\/\/pactoeducativoglobal.fundacion-sm.org\/pt-br\/condicoes-de-uso\/#primaryimage","url":"https:\/\/pactoeducativoglobal.fundacion-sm.org\/wp-content\/uploads\/sites\/11\/2023\/11\/logotipo.svg","contentUrl":"https:\/\/pactoeducativoglobal.fundacion-sm.org\/wp-content\/uploads\/sites\/11\/2023\/11\/logotipo.svg"},{"@type":"BreadcrumbList","@id":"https:\/\/pactoeducativoglobal.fundacion-sm.org\/pt-br\/condicoes-de-uso\/#breadcrumb","itemListElement":[{"@type":"ListItem","position":1,"name":"Inicio","item":"https:\/\/pactoeducativoglobal.fundacion-sm.org\/pt-br\/"},{"@type":"ListItem","position":2,"name":"Condi\u00e7\u00f5es de uso"}]},{"@type":"WebSite","@id":"https:\/\/pactoeducativoglobal.fundacion-sm.org\/pt-br\/#website","url":"https:\/\/pactoeducativoglobal.fundacion-sm.org\/pt-br\/","name":"Pacto Educativo Global","description":"","publisher":{"@id":"https:\/\/pactoeducativoglobal.fundacion-sm.org\/pt-br\/#organization"},"potentialAction":[{"@type":"SearchAction","target":{"@type":"EntryPoint","urlTemplate":"https:\/\/pactoeducativoglobal.fundacion-sm.org\/pt-br\/?s={search_term_string}"},"query-input":{"@type":"PropertyValueSpecification","valueRequired":true,"valueName":"search_term_string"}}],"inLanguage":"pt-BR"},{"@type":"Organization","@id":"https:\/\/pactoeducativoglobal.fundacion-sm.org\/pt-br\/#organization","name":"Pacto Educativo Global","url":"https:\/\/pactoeducativoglobal.fundacion-sm.org\/pt-br\/","logo":{"@type":"ImageObject","inLanguage":"pt-BR","@id":"https:\/\/pactoeducativoglobal.fundacion-sm.org\/pt-br\/#\/schema\/logo\/image\/","url":"https:\/\/pactoeducativoglobal.fundacion-sm.org\/wp-content\/uploads\/sites\/11\/2023\/11\/logotipo.svg","contentUrl":"https:\/\/pactoeducativoglobal.fundacion-sm.org\/wp-content\/uploads\/sites\/11\/2023\/11\/logotipo.svg","caption":"Pacto Educativo Global"},"image":{"@id":"https:\/\/pactoeducativoglobal.fundacion-sm.org\/pt-br\/#\/schema\/logo\/image\/"}}]}},"_links":{"self":[{"href":"https:\/\/pactoeducativoglobal.fundacion-sm.org\/pt-br\/wp-json\/wp\/v2\/pages\/1000","targetHints":{"allow":["GET"]}}],"collection":[{"href":"https:\/\/pactoeducativoglobal.fundacion-sm.org\/pt-br\/wp-json\/wp\/v2\/pages"}],"about":[{"href":"https:\/\/pactoeducativoglobal.fundacion-sm.org\/pt-br\/wp-json\/wp\/v2\/types\/page"}],"author":[{"embeddable":true,"href":"https:\/\/pactoeducativoglobal.fundacion-sm.org\/pt-br\/wp-json\/wp\/v2\/users\/2"}],"replies":[{"embeddable":true,"href":"https:\/\/pactoeducativoglobal.fundacion-sm.org\/pt-br\/wp-json\/wp\/v2\/comments?post=1000"}],"version-history":[{"count":7,"href":"https:\/\/pactoeducativoglobal.fundacion-sm.org\/pt-br\/wp-json\/wp\/v2\/pages\/1000\/revisions"}],"predecessor-version":[{"id":1054,"href":"https:\/\/pactoeducativoglobal.fundacion-sm.org\/pt-br\/wp-json\/wp\/v2\/pages\/1000\/revisions\/1054"}],"wp:attachment":[{"href":"https:\/\/pactoeducativoglobal.fundacion-sm.org\/pt-br\/wp-json\/wp\/v2\/media?parent=1000"}],"curies":[{"name":"wp","href":"https:\/\/api.w.org\/{rel}","templated":true}]}}